{"id":64,"date":"2025-05-27T18:00:54","date_gmt":"2025-05-27T18:00:54","guid":{"rendered":"https:\/\/www.mitraxcapital.com\/?page_id=64"},"modified":"2025-09-18T14:57:12","modified_gmt":"2025-09-18T14:57:12","slug":"unete-a-nuestro-equipo","status":"publish","type":"page","link":"https:\/\/www.mitraxcapital.com\/en\/unete-a-nuestro-equipo\/","title":{"rendered":"\u00danete a nuestro equipo"},"content":{"rendered":"<div data-elementor-type=\"wp-page\" data-elementor-id=\"64\" class=\"elementor elementor-64\" data-elementor-settings=\"{&quot;element_pack_global_tooltip_width&quot;:{&quot;unit&quot;:&quot;px&quot;,&quot;size&quot;:&quot;&quot;,&quot;sizes&quot;:[]},&quot;element_pack_global_tooltip_width_laptop&quot;:{&quot;unit&quot;:&quot;px&quot;,&quot;size&quot;:&quot;&quot;,&quot;sizes&quot;:[]},&quot;element_pack_global_tooltip_width_tablet&quot;:{&quot;unit&quot;:&quot;px&quot;,&quot;size&quot;:&quot;&quot;,&quot;sizes&quot;:[]},&quot;element_pack_global_tooltip_width_mobile&quot;:{&quot;unit&quot;:&quot;px&quot;,&quot;size&quot;:&quot;&quot;,&quot;sizes&quot;:[]},&quot;element_pack_global_tooltip_padding&quot;:{&quot;unit&quot;:&quot;px&quot;,&quot;top&quot;:&quot;&quot;,&quot;right&quot;:&quot;&quot;,&quot;bottom&quot;:&quot;&quot;,&quot;left&quot;:&quot;&quot;,&quot;isLinked&quot;:true},&quot;element_pack_global_tooltip_padding_laptop&quot;:{&quot;unit&quot;:&quot;px&quot;,&quot;top&quot;:&quot;&quot;,&quot;right&quot;:&quot;&quot;,&quot;bottom&quot;:&quot;&quot;,&quot;left&quot;:&quot;&quot;,&quot;isLinked&quot;:true},&quot;element_pack_global_tooltip_padding_tablet&quot;:{&quot;unit&quot;:&quot;px&quot;,&quot;top&quot;:&quot;&quot;,&quot;right&quot;:&quot;&quot;,&quot;bottom&quot;:&quot;&quot;,&quot;left&quot;:&quot;&quot;,&quot;isLinked&quot;:true},&quot;element_pack_global_tooltip_padding_mobile&quot;:{&quot;unit&quot;:&quot;px&quot;,&quot;top&quot;:&quot;&quot;,&quot;right&quot;:&quot;&quot;,&quot;bottom&quot;:&quot;&quot;,&quot;left&quot;:&quot;&quot;,&quot;isLinked&quot;:true},&quot;element_pack_global_tooltip_border_radius&quot;:{&quot;unit&quot;:&quot;px&quot;,&quot;top&quot;:&quot;&quot;,&quot;right&quot;:&quot;&quot;,&quot;bottom&quot;:&quot;&quot;,&quot;left&quot;:&quot;&quot;,&quot;isLinked&quot;:true},&quot;element_pack_global_tooltip_border_radius_laptop&quot;:{&quot;unit&quot;:&quot;px&quot;,&quot;top&quot;:&quot;&quot;,&quot;right&quot;:&quot;&quot;,&quot;bottom&quot;:&quot;&quot;,&quot;left&quot;:&quot;&quot;,&quot;isLinked&quot;:true},&quot;element_pack_global_tooltip_border_radius_tablet&quot;:{&quot;unit&quot;:&quot;px&quot;,&quot;top&quot;:&quot;&quot;,&quot;right&quot;:&quot;&quot;,&quot;bottom&quot;:&quot;&quot;,&quot;left&quot;:&quot;&quot;,&quot;isLinked&quot;:true},&quot;element_pack_global_tooltip_border_radius_mobile&quot;:{&quot;unit&quot;:&quot;px&quot;,&quot;top&quot;:&quot;&quot;,&quot;right&quot;:&quot;&quot;,&quot;bottom&quot;:&quot;&quot;,&quot;left&quot;:&quot;&quot;,&quot;isLinked&quot;:true}}\" data-elementor-post-type=\"page\">\n\t\t\t\t<div class=\"elementor-element elementor-element-cede6dc e-flex e-con-boxed e-con e-parent\" data-id=\"cede6dc\" data-element_type=\"container\">\n\t\t\t\t\t<div class=\"e-con-inner\">\n\t\t<div class=\"elementor-element elementor-element-5d336d7 e-con-full e-flex e-con e-child\" data-id=\"5d336d7\" data-element_type=\"container\">\n\t\t\t\t<div class=\"elementor-element elementor-element-edda84f elementor-widget elementor-widget-heading\" data-id=\"edda84f\" data-element_type=\"widget\" data-widget_type=\"heading.default\">\n\t\t\t\t<div class=\"elementor-widget-container\">\n\t\t\t\t\t<h1 class=\"elementor-heading-title elementor-size-default\">Join our team as <strong>Broker!<\/strong><\/h1>\t\t\t\t<\/div>\n\t\t\t\t<\/div>\n\t\t\t\t<div class=\"elementor-element elementor-element-7250118 elementor-widget elementor-widget-image\" data-id=\"7250118\" data-element_type=\"widget\" data-widget_type=\"image.default\">\n\t\t\t\t<div class=\"elementor-widget-container\">\n\t\t\t\t\t\t\t\t\t\t\t\t\t\t\t<img decoding=\"async\" width=\"62\" height=\"30\" src=\"https:\/\/www.mitraxcapital.com\/wp-content\/uploads\/2025\/05\/Vector-276-1.svg\" class=\"attachment-full size-full wp-image-59\" alt=\"flecha derecha\" \/>\t\t\t\t\t\t\t\t\t\t\t\t\t\t\t<\/div>\n\t\t\t\t<\/div>\n\t\t\t\t<\/div>\n\t\t\t\t<div class=\"elementor-element elementor-element-1e5def8 elementor-widget elementor-widget-text-editor\" data-id=\"1e5def8\" data-element_type=\"widget\" data-widget_type=\"text-editor.default\">\n\t\t\t\t<div class=\"elementor-widget-container\">\n\t\t\t\t\t\t\t\t\t<p>We invite you to be part of our dynamic and growing team. If you are interested in more information, please leave us your contact information and we will get in touch with you.<\/p>\t\t\t\t\t\t\t\t<\/div>\n\t\t\t\t<\/div>\n\t\t\t\t<div class=\"elementor-element elementor-element-3e5f1d4 elementor-button-align-start elementor-invisible elementor-widget elementor-widget-form\" data-id=\"3e5f1d4\" data-element_type=\"widget\" data-settings=\"{&quot;step_next_label&quot;:&quot;Next&quot;,&quot;step_previous_label&quot;:&quot;Previous&quot;,&quot;_animation&quot;:&quot;fadeInUp&quot;,&quot;button_width&quot;:&quot;100&quot;,&quot;step_type&quot;:&quot;number_text&quot;,&quot;step_icon_shape&quot;:&quot;circle&quot;}\" data-widget_type=\"form.default\">\n\t\t\t\t<div class=\"elementor-widget-container\">\n\t\t\t\t\t\t\t<form class=\"elementor-form\" method=\"post\" name=\"Formulario \u00danete a nuestro equipo\" action=\"\">\n\t\t\t<input type=\"hidden\" name=\"post_id\" value=\"64\"\/>\n\t\t\t<input type=\"hidden\" name=\"form_id\" value=\"3e5f1d4\"\/>\n\t\t\t<input type=\"hidden\" name=\"referer_title\" value=\"\u00danete a nuestro equipo como Broker - Mitrax\" \/>\n\n\t\t\t\t\t\t\t<input type=\"hidden\" name=\"queried_id\" value=\"64\"\/>\n\t\t\t\n\t\t\t<div class=\"elementor-form-fields-wrapper elementor-labels-above\">\n\t\t\t\t\t\t\t\t<div class=\"elementor-field-type-text elementor-field-group elementor-column elementor-field-group-nombre elementor-col-50 elementor-field-required\">\n\t\t\t\t\t\t\t\t\t\t\t\t<label for=\"form-field-nombre\" class=\"elementor-field-label\">\n\t\t\t\t\t\t\t\tName*\t\t\t\t\t\t\t<\/label>\n\t\t\t\t\t\t\t\t\t\t\t\t\t\t<input size=\"1\" type=\"text\" name=\"form_fields[nombre]\" id=\"form-field-nombre\" class=\"elementor-field elementor-size-sm  elementor-field-textual\" placeholder=\"Enter your first name\" required=\"required\">\n\t\t\t\t\t\t\t\t\t\t\t<\/div>\n\t\t\t\t\t\t\t\t<div class=\"elementor-field-type-text elementor-field-group elementor-column elementor-field-group-apellido elementor-col-50 elementor-field-required\">\n\t\t\t\t\t\t\t\t\t\t\t\t<label for=\"form-field-apellido\" class=\"elementor-field-label\">\n\t\t\t\t\t\t\t\tLast name*\t\t\t\t\t\t\t<\/label>\n\t\t\t\t\t\t\t\t\t\t\t\t\t\t<input size=\"1\" type=\"text\" name=\"form_fields[apellido]\" id=\"form-field-apellido\" class=\"elementor-field elementor-size-sm  elementor-field-textual\" placeholder=\"Enter your last name\" required=\"required\">\n\t\t\t\t\t\t\t\t\t\t\t<\/div>\n\t\t\t\t\t\t\t\t<div class=\"elementor-field-type-email elementor-field-group elementor-column elementor-field-group-email elementor-col-50 elementor-field-required\">\n\t\t\t\t\t\t\t\t\t\t\t\t<label for=\"form-field-email\" class=\"elementor-field-label\">\n\t\t\t\t\t\t\t\tEmail\t\t\t\t\t\t\t<\/label>\n\t\t\t\t\t\t\t\t\t\t\t\t\t\t<input size=\"1\" type=\"email\" name=\"form_fields[email]\" id=\"form-field-email\" class=\"elementor-field elementor-size-sm  elementor-field-textual\" placeholder=\"Address where you wish to be contacted\" required=\"required\">\n\t\t\t\t\t\t\t\t\t\t\t<\/div>\n\t\t\t\t\t\t\t\t<div class=\"elementor-field-type-tel elementor-field-group elementor-column elementor-field-group-telefono elementor-col-50 elementor-field-required\">\n\t\t\t\t\t\t\t\t\t\t\t\t<label for=\"form-field-telefono\" class=\"elementor-field-label\">\n\t\t\t\t\t\t\t\tContact Number*\t\t\t\t\t\t\t<\/label>\n\t\t\t\t\t\t\t\t<input size=\"1\" type=\"tel\" name=\"form_fields[telefono]\" id=\"form-field-telefono\" class=\"elementor-field elementor-size-sm  elementor-field-textual\" placeholder=\"Include the country code if you are outside Colombia.\" required=\"required\" pattern=\"[0-9()#&amp;+*-=.]+\" title=\"Only numbers and telephone characters (#, -, *, etc) are accepted.\">\n\n\t\t\t\t\t\t<\/div>\n\t\t\t\t\t\t\t\t<div class=\"elementor-field-type-select elementor-field-group elementor-column elementor-field-group-tipo_broker elementor-col-50 elementor-field-required\">\n\t\t\t\t\t\t\t\t\t\t\t\t<label for=\"form-field-tipo_broker\" class=\"elementor-field-label\">\n\t\t\t\t\t\t\t\tBroker Type\t\t\t\t\t\t\t<\/label>\n\t\t\t\t\t\t\t\t<div class=\"elementor-field elementor-select-wrapper remove-before\">\n\t\t\t<div class=\"select-caret-down-wrapper\">\n\t\t\t\t<svg aria-hidden=\"true\" class=\"e-font-icon-svg e-eicon-caret-down\" viewbox=\"0 0 571.4 571.4\" xmlns=\"http:\/\/www.w3.org\/2000\/svg\"><path d=\"M571 393Q571 407 561 418L311 668Q300 679 286 679T261 668L11 418Q0 407 0 393T11 368 36 357H536Q550 357 561 368T571 393Z\"><\/path><\/svg>\t\t\t<\/div>\n\t\t\t<select name=\"form_fields[tipo_broker]\" id=\"form-field-tipo_broker\" class=\"elementor-field-textual elementor-size-sm\" required=\"required\">\n\t\t\t\t\t\t\t\t\t<option value=\"\">(Select an option)<\/option>\n\t\t\t\t\t\t\t\t\t<option value=\"Persona natural\">Individual<\/option>\n\t\t\t\t\t\t\t\t\t<option value=\"Persona Jur\u00eddica\">Company<\/option>\n\t\t\t\t\t\t\t<\/select>\n\t\t<\/div>\n\t\t\t\t\t\t<\/div>\n\t\t\t\t\t\t\t\t<div class=\"elementor-field-type-select elementor-field-group elementor-column elementor-field-group-experiencia elementor-col-50 elementor-field-required\">\n\t\t\t\t\t\t\t\t\t\t\t\t<label for=\"form-field-experiencia\" class=\"elementor-field-label\">\n\t\t\t\t\t\t\t\tDo you have brokerage or investment experience?\t\t\t\t\t\t\t<\/label>\n\t\t\t\t\t\t\t\t<div class=\"elementor-field elementor-select-wrapper remove-before\">\n\t\t\t<div class=\"select-caret-down-wrapper\">\n\t\t\t\t<svg aria-hidden=\"true\" class=\"e-font-icon-svg e-eicon-caret-down\" viewbox=\"0 0 571.4 571.4\" xmlns=\"http:\/\/www.w3.org\/2000\/svg\"><path d=\"M571 393Q571 407 561 418L311 668Q300 679 286 679T261 668L11 418Q0 407 0 393T11 368 36 357H536Q550 357 561 368T571 393Z\"><\/path><\/svg>\t\t\t<\/div>\n\t\t\t<select name=\"form_fields[experiencia]\" id=\"form-field-experiencia\" class=\"elementor-field-textual elementor-size-sm\" required=\"required\">\n\t\t\t\t\t\t\t\t\t<option value=\"\">(Select an option)<\/option>\n\t\t\t\t\t\t\t\t\t<option value=\"S\u00ed, actualmente soy broker\">Yes, I am currently a broker<\/option>\n\t\t\t\t\t\t\t\t\t<option value=\"No, pero me interesa el sector\">No, but I am interested in the sector<\/option>\n\t\t\t\t\t\t\t\t\t<option value=\"S\u00ed, trabaj\u00e9 antes en inversiones\">Yes, I worked in investments before<\/option>\n\t\t\t\t\t\t\t\t\t<option value=\"\"><\/option>\n\t\t\t\t\t\t\t<\/select>\n\t\t<\/div>\n\t\t\t\t\t\t<\/div>\n\t\t\t\t\t\t\t\t<div class=\"elementor-field-type-select elementor-field-group elementor-column elementor-field-group-contactos elementor-col-50 elementor-field-required\">\n\t\t\t\t\t\t\t\t\t\t\t\t<label for=\"form-field-contactos\" class=\"elementor-field-label\">\n\t\t\t\t\t\t\t\tDo you have contacts in any of these sectors? *\t\t\t\t\t\t\t<\/label>\n\t\t\t\t\t\t\t\t<div class=\"elementor-field elementor-select-wrapper remove-before\">\n\t\t\t<div class=\"select-caret-down-wrapper\">\n\t\t\t\t<svg aria-hidden=\"true\" class=\"e-font-icon-svg e-eicon-caret-down\" viewbox=\"0 0 571.4 571.4\" xmlns=\"http:\/\/www.w3.org\/2000\/svg\"><path d=\"M571 393Q571 407 561 418L311 668Q300 679 286 679T261 668L11 418Q0 407 0 393T11 368 36 357H536Q550 357 561 368T571 393Z\"><\/path><\/svg>\t\t\t<\/div>\n\t\t\t<select name=\"form_fields[contactos]\" id=\"form-field-contactos\" class=\"elementor-field-textual elementor-size-sm\" required=\"required\">\n\t\t\t\t\t\t\t\t\t<option value=\"\">(Select an option)<\/option>\n\t\t\t\t\t\t\t\t\t<option value=\"Banca privada\">Private banking<\/option>\n\t\t\t\t\t\t\t\t\t<option value=\"Family offices\">Family offices<\/option>\n\t\t\t\t\t\t\t\t\t<option value=\"Inversionistas institucionales\">Institutional investors<\/option>\n\t\t\t\t\t\t\t\t\t<option value=\"HNWIs (personas con alto patrimonio)\">HNWIs (high net worth individuals)<\/option>\n\t\t\t\t\t\t\t\t\t<option value=\"Estoy empezando a construir mi red\">I am starting to build my network<\/option>\n\t\t\t\t\t\t\t\t\t<option value=\"\"><\/option>\n\t\t\t\t\t\t\t<\/select>\n\t\t<\/div>\n\t\t\t\t\t\t<\/div>\n\t\t\t\t\t\t\t\t<div class=\"elementor-field-type-text elementor-field-group elementor-column elementor-field-group-por_que_te_interesa elementor-col-50 elementor-field-required\">\n\t\t\t\t\t\t\t\t\t\t\t\t<label for=\"form-field-por_que_te_interesa\" class=\"elementor-field-label\">\n\t\t\t\t\t\t\t\tWhy are you interested in this opportunity?\t\t\t\t\t\t\t<\/label>\n\t\t\t\t\t\t\t\t\t\t\t\t\t\t<input size=\"1\" type=\"text\" name=\"form_fields[por_que_te_interesa]\" id=\"form-field-por_que_te_interesa\" class=\"elementor-field elementor-size-sm  elementor-field-textual\" required=\"required\">\n\t\t\t\t\t\t\t\t\t\t\t<\/div>\n\t\t\t\t\t\t\t\t<div class=\"elementor-field-type-acceptance elementor-field-group elementor-column elementor-field-group-politicas elementor-col-100 elementor-field-required\">\n\t\t\t\t\t\t\t<div class=\"elementor-field-subgroup\">\n\t\t\t<span class=\"elementor-field-option\">\n\t\t\t\t<input type=\"checkbox\" name=\"form_fields[politicas]\" id=\"form-field-politicas\" class=\"elementor-field elementor-size-sm  elementor-acceptance-field\" required=\"required\">\n\t\t\t\t<label for=\"form-field-politicas\">You agree to our privacy policy<\/label>\t\t\t<\/span>\n\t\t<\/div>\n\t\t\t\t\t\t<\/div>\n\t\t\t\t\t\t\t\t<div class=\"elementor-field-group elementor-column elementor-field-type-submit elementor-col-100 e-form__buttons\">\n\t\t\t\t\t<button class=\"elementor-button elementor-size-sm\" type=\"submit\">\n\t\t\t\t\t\t<span class=\"elementor-button-content-wrapper\">\n\t\t\t\t\t\t\t\t\t\t\t\t\t\t\t\t\t\t\t\t\t\t<span class=\"elementor-button-text\">Send<\/span>\n\t\t\t\t\t\t\t\t\t\t\t\t\t<\/span>\n\t\t\t\t\t<\/button>\n\t\t\t\t<\/div>\n\t\t\t<\/div>\n\t\t<input type=\"hidden\" name=\"trp-form-language\" value=\"en\"\/><\/form>\n\t\t\t\t\t\t<\/div>\n\t\t\t\t<\/div>\n\t\t\t\t\t<\/div>\n\t\t\t\t<\/div>\n\t\t\t\t<\/div>","protected":false},"excerpt":{"rendered":"<p>\u00a1\u00danete a nuestro equipo como Broker! Te invitamos a ser parte de nuestro equipo din\u00e1mico y en crecimiento. Si est\u00e1s interesado en obtener m\u00e1s informaci\u00f3n, por favor, d\u00e9janos tu contacto y nos pondremos en comunicaci\u00f3n contigo.<\/p>","protected":false},"author":1,"featured_media":0,"parent":0,"menu_order":0,"comment_status":"closed","ping_status":"closed","template":"","meta":{"footnotes":""},"class_list":["post-64","page","type-page","status-publish","hentry"],"yoast_head":"<!-- This site is optimized with the Yoast SEO plugin v26.1.1 - https:\/\/yoast.com\/wordpress\/plugins\/seo\/ -->\n<title>\u00danete a nuestro equipo como Broker - Mitrax<\/title>\n<meta name=\"description\" content=\"Se parte de nuestro equipo din\u00e1mico y en crecimiento como Broker. Si est\u00e1s interesado en obtener m\u00e1s informaci\u00f3n, ingresa ya y aplica.\" \/>\n<meta name=\"robots\" content=\"index, follow, max-snippet:-1, max-image-preview:large, max-video-preview:-1\" \/>\n<link rel=\"canonical\" href=\"https:\/\/www.mitraxcapital.com\/en\/unete-a-nuestro-equipo\/\" \/>\n<meta property=\"og:locale\" content=\"en_US\" \/>\n<meta property=\"og:type\" content=\"article\" \/>\n<meta property=\"og:title\" content=\"\u00danete a nuestro equipo como Broker - Mitrax\" \/>\n<meta property=\"og:description\" content=\"Se parte de nuestro equipo din\u00e1mico y en crecimiento como Broker. Si est\u00e1s interesado en obtener m\u00e1s informaci\u00f3n, ingresa ya y aplica.\" \/>\n<meta property=\"og:url\" content=\"https:\/\/www.mitraxcapital.com\/en\/unete-a-nuestro-equipo\/\" \/>\n<meta property=\"og:site_name\" content=\"Mitrax\" \/>\n<meta property=\"article:modified_time\" content=\"2025-09-18T14:57:12+00:00\" \/>\n<meta property=\"og:image\" content=\"https:\/\/www.mitraxcapital.com\/wp-content\/uploads\/2025\/05\/Vector-276-1.svg\" \/>\n<meta name=\"twitter:card\" content=\"summary_large_image\" \/>\n<meta name=\"twitter:label1\" content=\"Est. reading time\" \/>\n\t<meta name=\"twitter:data1\" content=\"1 minute\" \/>\n<script type=\"application\/ld+json\" class=\"yoast-schema-graph\">{\"@context\":\"https:\/\/schema.org\",\"@graph\":[{\"@type\":\"WebPage\",\"@id\":\"https:\/\/www.mitraxcapital.com\/unete-a-nuestro-equipo\/\",\"url\":\"https:\/\/www.mitraxcapital.com\/unete-a-nuestro-equipo\/\",\"name\":\"\u00danete a nuestro equipo como Broker - Mitrax\",\"isPartOf\":{\"@id\":\"https:\/\/www.mitraxcapital.com\/#website\"},\"primaryImageOfPage\":{\"@id\":\"https:\/\/www.mitraxcapital.com\/unete-a-nuestro-equipo\/#primaryimage\"},\"image\":{\"@id\":\"https:\/\/www.mitraxcapital.com\/unete-a-nuestro-equipo\/#primaryimage\"},\"thumbnailUrl\":\"https:\/\/www.mitraxcapital.com\/wp-content\/uploads\/2025\/05\/Vector-276-1.svg\",\"datePublished\":\"2025-05-27T18:00:54+00:00\",\"dateModified\":\"2025-09-18T14:57:12+00:00\",\"description\":\"Se parte de nuestro equipo din\u00e1mico y en crecimiento como Broker. Si est\u00e1s interesado en obtener m\u00e1s informaci\u00f3n, ingresa ya y aplica.\",\"breadcrumb\":{\"@id\":\"https:\/\/www.mitraxcapital.com\/unete-a-nuestro-equipo\/#breadcrumb\"},\"inLanguage\":\"en-US\",\"potentialAction\":[{\"@type\":\"ReadAction\",\"target\":[\"https:\/\/www.mitraxcapital.com\/unete-a-nuestro-equipo\/\"]}]},{\"@type\":\"ImageObject\",\"inLanguage\":\"en-US\",\"@id\":\"https:\/\/www.mitraxcapital.com\/unete-a-nuestro-equipo\/#primaryimage\",\"url\":\"https:\/\/www.mitraxcapital.com\/wp-content\/uploads\/2025\/05\/Vector-276-1.svg\",\"contentUrl\":\"https:\/\/www.mitraxcapital.com\/wp-content\/uploads\/2025\/05\/Vector-276-1.svg\"},{\"@type\":\"BreadcrumbList\",\"@id\":\"https:\/\/www.mitraxcapital.com\/unete-a-nuestro-equipo\/#breadcrumb\",\"itemListElement\":[{\"@type\":\"ListItem\",\"position\":1,\"name\":\"Inicio\",\"item\":\"https:\/\/www.mitraxcapital.com\/\"},{\"@type\":\"ListItem\",\"position\":2,\"name\":\"\u00danete a nuestro equipo\"}]},{\"@type\":\"WebSite\",\"@id\":\"https:\/\/www.mitraxcapital.com\/#website\",\"url\":\"https:\/\/www.mitraxcapital.com\/\",\"name\":\"Mitrax\",\"description\":\"Facilitamos el acceso a financiamiento para organizaciones que generan impacto social,  a trav\u00e9s de la estructuraci\u00f3n de veh\u00edculos de inversi\u00f3n y la gesti\u00f3n estrat\u00e9gica de capital, conectamos visi\u00f3n, recursos y transformaci\u00f3n.\",\"publisher\":{\"@id\":\"https:\/\/www.mitraxcapital.com\/#organization\"},\"potentialAction\":[{\"@type\":\"SearchAction\",\"target\":{\"@type\":\"EntryPoint\",\"urlTemplate\":\"https:\/\/www.mitraxcapital.com\/?s={search_term_string}\"},\"query-input\":{\"@type\":\"PropertyValueSpecification\",\"valueRequired\":true,\"valueName\":\"search_term_string\"}}],\"inLanguage\":\"en-US\"},{\"@type\":\"Organization\",\"@id\":\"https:\/\/www.mitraxcapital.com\/#organization\",\"name\":\"Mitrax\",\"url\":\"https:\/\/www.mitraxcapital.com\/\",\"logo\":{\"@type\":\"ImageObject\",\"inLanguage\":\"en-US\",\"@id\":\"https:\/\/www.mitraxcapital.com\/#\/schema\/logo\/image\/\",\"url\":\"https:\/\/www.mitraxcapital.com\/wp-content\/uploads\/2025\/05\/Group-485419.png\",\"contentUrl\":\"https:\/\/www.mitraxcapital.com\/wp-content\/uploads\/2025\/05\/Group-485419.png\",\"width\":559,\"height\":110,\"caption\":\"Mitrax\"},\"image\":{\"@id\":\"https:\/\/www.mitraxcapital.com\/#\/schema\/logo\/image\/\"}}]}<\/script>\n<!-- \/ Yoast SEO plugin. -->","yoast_head_json":{"title":"\u00danete a nuestro equipo como Broker - Mitrax","description":"Se parte de nuestro equipo din\u00e1mico y en crecimiento como Broker. Si est\u00e1s interesado en obtener m\u00e1s informaci\u00f3n, ingresa ya y aplica.","robots":{"index":"index","follow":"follow","max-snippet":"max-snippet:-1","max-image-preview":"max-image-preview:large","max-video-preview":"max-video-preview:-1"},"canonical":"https:\/\/www.mitraxcapital.com\/en\/unete-a-nuestro-equipo\/","og_locale":"en_US","og_type":"article","og_title":"\u00danete a nuestro equipo como Broker - Mitrax","og_description":"Se parte de nuestro equipo din\u00e1mico y en crecimiento como Broker. Si est\u00e1s interesado en obtener m\u00e1s informaci\u00f3n, ingresa ya y aplica.","og_url":"https:\/\/www.mitraxcapital.com\/en\/unete-a-nuestro-equipo\/","og_site_name":"Mitrax","article_modified_time":"2025-09-18T14:57:12+00:00","og_image":[{"url":"https:\/\/www.mitraxcapital.com\/wp-content\/uploads\/2025\/05\/Vector-276-1.svg","type":"","width":"","height":""}],"twitter_card":"summary_large_image","twitter_misc":{"Est. reading time":"1 minute"},"schema":{"@context":"https:\/\/schema.org","@graph":[{"@type":"WebPage","@id":"https:\/\/www.mitraxcapital.com\/unete-a-nuestro-equipo\/","url":"https:\/\/www.mitraxcapital.com\/unete-a-nuestro-equipo\/","name":"\u00danete a nuestro equipo como Broker - Mitrax","isPartOf":{"@id":"https:\/\/www.mitraxcapital.com\/#website"},"primaryImageOfPage":{"@id":"https:\/\/www.mitraxcapital.com\/unete-a-nuestro-equipo\/#primaryimage"},"image":{"@id":"https:\/\/www.mitraxcapital.com\/unete-a-nuestro-equipo\/#primaryimage"},"thumbnailUrl":"https:\/\/www.mitraxcapital.com\/wp-content\/uploads\/2025\/05\/Vector-276-1.svg","datePublished":"2025-05-27T18:00:54+00:00","dateModified":"2025-09-18T14:57:12+00:00","description":"Se parte de nuestro equipo din\u00e1mico y en crecimiento como Broker. Si est\u00e1s interesado en obtener m\u00e1s informaci\u00f3n, ingresa ya y aplica.","breadcrumb":{"@id":"https:\/\/www.mitraxcapital.com\/unete-a-nuestro-equipo\/#breadcrumb"},"inLanguage":"en-US","potentialAction":[{"@type":"ReadAction","target":["https:\/\/www.mitraxcapital.com\/unete-a-nuestro-equipo\/"]}]},{"@type":"ImageObject","inLanguage":"en-US","@id":"https:\/\/www.mitraxcapital.com\/unete-a-nuestro-equipo\/#primaryimage","url":"https:\/\/www.mitraxcapital.com\/wp-content\/uploads\/2025\/05\/Vector-276-1.svg","contentUrl":"https:\/\/www.mitraxcapital.com\/wp-content\/uploads\/2025\/05\/Vector-276-1.svg"},{"@type":"BreadcrumbList","@id":"https:\/\/www.mitraxcapital.com\/unete-a-nuestro-equipo\/#breadcrumb","itemListElement":[{"@type":"ListItem","position":1,"name":"Inicio","item":"https:\/\/www.mitraxcapital.com\/"},{"@type":"ListItem","position":2,"name":"\u00danete a nuestro equipo"}]},{"@type":"WebSite","@id":"https:\/\/www.mitraxcapital.com\/#website","url":"https:\/\/www.mitraxcapital.com\/","name":"Mitrax","description":"We facilitate access to financing for organizations that generate social impact, through the structuring of investment vehicles and strategic capital management, we connect vision, resources and transformation.","publisher":{"@id":"https:\/\/www.mitraxcapital.com\/#organization"},"potentialAction":[{"@type":"SearchAction","target":{"@type":"EntryPoint","urlTemplate":"https:\/\/www.mitraxcapital.com\/?s={search_term_string}"},"query-input":{"@type":"PropertyValueSpecification","valueRequired":true,"valueName":"search_term_string"}}],"inLanguage":"en-US"},{"@type":"Organization","@id":"https:\/\/www.mitraxcapital.com\/#organization","name":"Mitrax","url":"https:\/\/www.mitraxcapital.com\/","logo":{"@type":"ImageObject","inLanguage":"en-US","@id":"https:\/\/www.mitraxcapital.com\/#\/schema\/logo\/image\/","url":"https:\/\/www.mitraxcapital.com\/wp-content\/uploads\/2025\/05\/Group-485419.png","contentUrl":"https:\/\/www.mitraxcapital.com\/wp-content\/uploads\/2025\/05\/Group-485419.png","width":559,"height":110,"caption":"Mitrax"},"image":{"@id":"https:\/\/www.mitraxcapital.com\/#\/schema\/logo\/image\/"}}]}},"_links":{"self":[{"href":"https:\/\/www.mitraxcapital.com\/en\/wp-json\/wp\/v2\/pages\/64","targetHints":{"allow":["GET"]}}],"collection":[{"href":"https:\/\/www.mitraxcapital.com\/en\/wp-json\/wp\/v2\/pages"}],"about":[{"href":"https:\/\/www.mitraxcapital.com\/en\/wp-json\/wp\/v2\/types\/page"}],"author":[{"embeddable":true,"href":"https:\/\/www.mitraxcapital.com\/en\/wp-json\/wp\/v2\/users\/1"}],"replies":[{"embeddable":true,"href":"https:\/\/www.mitraxcapital.com\/en\/wp-json\/wp\/v2\/comments?post=64"}],"version-history":[{"count":22,"href":"https:\/\/www.mitraxcapital.com\/en\/wp-json\/wp\/v2\/pages\/64\/revisions"}],"predecessor-version":[{"id":928,"href":"https:\/\/www.mitraxcapital.com\/en\/wp-json\/wp\/v2\/pages\/64\/revisions\/928"}],"wp:attachment":[{"href":"https:\/\/www.mitraxcapital.com\/en\/wp-json\/wp\/v2\/media?parent=64"}],"curies":[{"name":"wp","href":"https:\/\/api.w.org\/{rel}","templated":true}]}}