{"id":22,"date":"2025-05-27T13:35:46","date_gmt":"2025-05-27T13:35:46","guid":{"rendered":"https:\/\/www.mitraxcapital.com\/?page_id=22"},"modified":"2026-04-07T18:28:29","modified_gmt":"2026-04-07T18:28:29","slug":"contactanos","status":"publish","type":"page","link":"https:\/\/www.mitraxcapital.com\/en\/contactanos\/","title":{"rendered":"Contactanos"},"content":{"rendered":"<div data-elementor-type=\"wp-page\" data-elementor-id=\"22\" class=\"elementor elementor-22\" data-elementor-settings=\"{&quot;element_pack_global_tooltip_width&quot;:{&quot;unit&quot;:&quot;px&quot;,&quot;size&quot;:&quot;&quot;,&quot;sizes&quot;:[]},&quot;element_pack_global_tooltip_width_laptop&quot;:{&quot;unit&quot;:&quot;px&quot;,&quot;size&quot;:&quot;&quot;,&quot;sizes&quot;:[]},&quot;element_pack_global_tooltip_width_tablet&quot;:{&quot;unit&quot;:&quot;px&quot;,&quot;size&quot;:&quot;&quot;,&quot;sizes&quot;:[]},&quot;element_pack_global_tooltip_width_mobile&quot;:{&quot;unit&quot;:&quot;px&quot;,&quot;size&quot;:&quot;&quot;,&quot;sizes&quot;:[]},&quot;element_pack_global_tooltip_padding&quot;:{&quot;unit&quot;:&quot;px&quot;,&quot;top&quot;:&quot;&quot;,&quot;right&quot;:&quot;&quot;,&quot;bottom&quot;:&quot;&quot;,&quot;left&quot;:&quot;&quot;,&quot;isLinked&quot;:true},&quot;element_pack_global_tooltip_padding_laptop&quot;:{&quot;unit&quot;:&quot;px&quot;,&quot;top&quot;:&quot;&quot;,&quot;right&quot;:&quot;&quot;,&quot;bottom&quot;:&quot;&quot;,&quot;left&quot;:&quot;&quot;,&quot;isLinked&quot;:true},&quot;element_pack_global_tooltip_padding_tablet&quot;:{&quot;unit&quot;:&quot;px&quot;,&quot;top&quot;:&quot;&quot;,&quot;right&quot;:&quot;&quot;,&quot;bottom&quot;:&quot;&quot;,&quot;left&quot;:&quot;&quot;,&quot;isLinked&quot;:true},&quot;element_pack_global_tooltip_padding_mobile&quot;:{&quot;unit&quot;:&quot;px&quot;,&quot;top&quot;:&quot;&quot;,&quot;right&quot;:&quot;&quot;,&quot;bottom&quot;:&quot;&quot;,&quot;left&quot;:&quot;&quot;,&quot;isLinked&quot;:true},&quot;element_pack_global_tooltip_border_radius&quot;:{&quot;unit&quot;:&quot;px&quot;,&quot;top&quot;:&quot;&quot;,&quot;right&quot;:&quot;&quot;,&quot;bottom&quot;:&quot;&quot;,&quot;left&quot;:&quot;&quot;,&quot;isLinked&quot;:true},&quot;element_pack_global_tooltip_border_radius_laptop&quot;:{&quot;unit&quot;:&quot;px&quot;,&quot;top&quot;:&quot;&quot;,&quot;right&quot;:&quot;&quot;,&quot;bottom&quot;:&quot;&quot;,&quot;left&quot;:&quot;&quot;,&quot;isLinked&quot;:true},&quot;element_pack_global_tooltip_border_radius_tablet&quot;:{&quot;unit&quot;:&quot;px&quot;,&quot;top&quot;:&quot;&quot;,&quot;right&quot;:&quot;&quot;,&quot;bottom&quot;:&quot;&quot;,&quot;left&quot;:&quot;&quot;,&quot;isLinked&quot;:true},&quot;element_pack_global_tooltip_border_radius_mobile&quot;:{&quot;unit&quot;:&quot;px&quot;,&quot;top&quot;:&quot;&quot;,&quot;right&quot;:&quot;&quot;,&quot;bottom&quot;:&quot;&quot;,&quot;left&quot;:&quot;&quot;,&quot;isLinked&quot;:true}}\" data-elementor-post-type=\"page\">\n\t\t\t\t<div class=\"elementor-element elementor-element-c0b9137 e-flex e-con-boxed e-con e-parent\" data-id=\"c0b9137\" data-element_type=\"container\">\n\t\t\t\t\t<div class=\"e-con-inner\">\n\t\t<div class=\"elementor-element elementor-element-55602eb e-con-full e-flex e-con e-child\" data-id=\"55602eb\" data-element_type=\"container\">\n\t\t\t\t<div class=\"elementor-element elementor-element-1f1db6b elementor-widget elementor-widget-heading\" data-id=\"1f1db6b\" data-element_type=\"widget\" data-widget_type=\"heading.default\">\n\t\t\t\t<div class=\"elementor-widget-container\">\n\t\t\t\t\t<h1 class=\"elementor-heading-title elementor-size-default\">Contact us at<\/h1>\t\t\t\t<\/div>\n\t\t\t\t<\/div>\n\t\t\t\t<div class=\"elementor-element elementor-element-fda7752 elementor-widget elementor-widget-image\" data-id=\"fda7752\" data-element_type=\"widget\" data-widget_type=\"image.default\">\n\t\t\t\t<div class=\"elementor-widget-container\">\n\t\t\t\t\t\t\t\t\t\t\t\t\t\t\t<img decoding=\"async\" width=\"62\" height=\"30\" src=\"https:\/\/www.mitraxcapital.com\/wp-content\/uploads\/2025\/05\/Vector-276-1.svg\" class=\"attachment-full size-full wp-image-59\" alt=\"flecha derecha\" \/>\t\t\t\t\t\t\t\t\t\t\t\t\t\t\t<\/div>\n\t\t\t\t<\/div>\n\t\t\t\t<\/div>\n\t\t\t\t<div class=\"elementor-element elementor-element-f4c2104 elementor-widget elementor-widget-html\" data-id=\"f4c2104\" data-element_type=\"widget\" data-widget_type=\"html.default\">\n\t\t\t\t<div class=\"elementor-widget-container\">\n\t\t\t\t\t<script charset=\"utf-8\" type=\"text\/javascript\"\n  src=\"\/\/js.hsforms.net\/forms\/embed\/v2.js\"><\/script>\n<script>\n  hbspt.forms.create({\n    portalId: \"50318056\",\n    formId:   \"b3569f81-bd97-4fb3-9abd-cd35bfef1901\",\n    region:   \"na1\"\n  });\n<\/script>\n\t\t\t\t<\/div>\n\t\t\t\t<\/div>\n\t\t\t\t\t<\/div>\n\t\t\t\t<\/div>\n\t\t\t\t<\/div>","protected":false},"excerpt":{"rendered":"<p>Contact us at<\/p>","protected":false},"author":1,"featured_media":0,"parent":0,"menu_order":0,"comment_status":"closed","ping_status":"closed","template":"","meta":{"footnotes":""},"class_list":["post-22","page","type-page","status-publish","hentry"],"yoast_head":"<!-- This site is optimized with the Yoast SEO plugin v26.1.1 - https:\/\/yoast.com\/wordpress\/plugins\/seo\/ -->\n<title>Comun\u00edcate con nosotros - Mitrax<\/title>\n<meta name=\"description\" content=\"\u00bfTienes preguntas sobre Mitrax? \u00bfNo sabes en d\u00f3nde invertir o utilizar los recursos de la compa\u00f1\u00eda? Cont\u00e1ctanos y te ayudaremos en el proceso.\" \/>\n<meta name=\"robots\" content=\"index, follow, max-snippet:-1, max-image-preview:large, max-video-preview:-1\" \/>\n<link rel=\"canonical\" href=\"https:\/\/www.mitraxcapital.com\/en\/contactanos\/\" \/>\n<meta property=\"og:locale\" content=\"en_US\" \/>\n<meta property=\"og:type\" content=\"article\" \/>\n<meta property=\"og:title\" content=\"Comun\u00edcate con nosotros - Mitrax\" \/>\n<meta property=\"og:description\" content=\"\u00bfTienes preguntas sobre Mitrax? \u00bfNo sabes en d\u00f3nde invertir o utilizar los recursos de la compa\u00f1\u00eda? Cont\u00e1ctanos y te ayudaremos en el proceso.\" \/>\n<meta property=\"og:url\" content=\"https:\/\/www.mitraxcapital.com\/en\/contactanos\/\" \/>\n<meta property=\"og:site_name\" content=\"Mitrax\" \/>\n<meta property=\"article:modified_time\" content=\"2026-04-07T18:28:29+00:00\" \/>\n<meta name=\"twitter:card\" content=\"summary_large_image\" \/>\n<script type=\"application\/ld+json\" class=\"yoast-schema-graph\">{\"@context\":\"https:\/\/schema.org\",\"@graph\":[{\"@type\":\"WebPage\",\"@id\":\"https:\/\/www.mitraxcapital.com\/contactanos\/\",\"url\":\"https:\/\/www.mitraxcapital.com\/contactanos\/\",\"name\":\"Comun\u00edcate con nosotros - Mitrax\",\"isPartOf\":{\"@id\":\"https:\/\/www.mitraxcapital.com\/#website\"},\"primaryImageOfPage\":{\"@id\":\"https:\/\/www.mitraxcapital.com\/contactanos\/#primaryimage\"},\"image\":{\"@id\":\"https:\/\/www.mitraxcapital.com\/contactanos\/#primaryimage\"},\"thumbnailUrl\":\"https:\/\/www.mitraxcapital.com\/wp-content\/uploads\/2025\/05\/Vector-276-1.svg\",\"datePublished\":\"2025-05-27T13:35:46+00:00\",\"dateModified\":\"2026-04-07T18:28:29+00:00\",\"description\":\"\u00bfTienes preguntas sobre Mitrax? \u00bfNo sabes en d\u00f3nde invertir o utilizar los recursos de la compa\u00f1\u00eda? Cont\u00e1ctanos y te ayudaremos en el proceso.\",\"breadcrumb\":{\"@id\":\"https:\/\/www.mitraxcapital.com\/contactanos\/#breadcrumb\"},\"inLanguage\":\"en-US\",\"potentialAction\":[{\"@type\":\"ReadAction\",\"target\":[\"https:\/\/www.mitraxcapital.com\/contactanos\/\"]}]},{\"@type\":\"ImageObject\",\"inLanguage\":\"en-US\",\"@id\":\"https:\/\/www.mitraxcapital.com\/contactanos\/#primaryimage\",\"url\":\"https:\/\/www.mitraxcapital.com\/wp-content\/uploads\/2025\/05\/Vector-276-1.svg\",\"contentUrl\":\"https:\/\/www.mitraxcapital.com\/wp-content\/uploads\/2025\/05\/Vector-276-1.svg\"},{\"@type\":\"BreadcrumbList\",\"@id\":\"https:\/\/www.mitraxcapital.com\/contactanos\/#breadcrumb\",\"itemListElement\":[{\"@type\":\"ListItem\",\"position\":1,\"name\":\"Inicio\",\"item\":\"https:\/\/www.mitraxcapital.com\/\"},{\"@type\":\"ListItem\",\"position\":2,\"name\":\"Contactanos\"}]},{\"@type\":\"WebSite\",\"@id\":\"https:\/\/www.mitraxcapital.com\/#website\",\"url\":\"https:\/\/www.mitraxcapital.com\/\",\"name\":\"Mitrax\",\"description\":\"Facilitamos el acceso a financiamiento para organizaciones que generan impacto social,  a trav\u00e9s de la estructuraci\u00f3n de veh\u00edculos de inversi\u00f3n y la gesti\u00f3n estrat\u00e9gica de capital, conectamos visi\u00f3n, recursos y transformaci\u00f3n.\",\"publisher\":{\"@id\":\"https:\/\/www.mitraxcapital.com\/#organization\"},\"potentialAction\":[{\"@type\":\"SearchAction\",\"target\":{\"@type\":\"EntryPoint\",\"urlTemplate\":\"https:\/\/www.mitraxcapital.com\/?s={search_term_string}\"},\"query-input\":{\"@type\":\"PropertyValueSpecification\",\"valueRequired\":true,\"valueName\":\"search_term_string\"}}],\"inLanguage\":\"en-US\"},{\"@type\":\"Organization\",\"@id\":\"https:\/\/www.mitraxcapital.com\/#organization\",\"name\":\"Mitrax\",\"url\":\"https:\/\/www.mitraxcapital.com\/\",\"logo\":{\"@type\":\"ImageObject\",\"inLanguage\":\"en-US\",\"@id\":\"https:\/\/www.mitraxcapital.com\/#\/schema\/logo\/image\/\",\"url\":\"https:\/\/www.mitraxcapital.com\/wp-content\/uploads\/2025\/05\/Group-485419.png\",\"contentUrl\":\"https:\/\/www.mitraxcapital.com\/wp-content\/uploads\/2025\/05\/Group-485419.png\",\"width\":559,\"height\":110,\"caption\":\"Mitrax\"},\"image\":{\"@id\":\"https:\/\/www.mitraxcapital.com\/#\/schema\/logo\/image\/\"}}]}<\/script>\n<!-- \/ Yoast SEO plugin. -->","yoast_head_json":{"title":"Comun\u00edcate con nosotros - Mitrax","description":"\u00bfTienes preguntas sobre Mitrax? \u00bfNo sabes en d\u00f3nde invertir o utilizar los recursos de la compa\u00f1\u00eda? Cont\u00e1ctanos y te ayudaremos en el proceso.","robots":{"index":"index","follow":"follow","max-snippet":"max-snippet:-1","max-image-preview":"max-image-preview:large","max-video-preview":"max-video-preview:-1"},"canonical":"https:\/\/www.mitraxcapital.com\/en\/contactanos\/","og_locale":"en_US","og_type":"article","og_title":"Comun\u00edcate con nosotros - Mitrax","og_description":"\u00bfTienes preguntas sobre Mitrax? \u00bfNo sabes en d\u00f3nde invertir o utilizar los recursos de la compa\u00f1\u00eda? Cont\u00e1ctanos y te ayudaremos en el proceso.","og_url":"https:\/\/www.mitraxcapital.com\/en\/contactanos\/","og_site_name":"Mitrax","article_modified_time":"2026-04-07T18:28:29+00:00","twitter_card":"summary_large_image","schema":{"@context":"https:\/\/schema.org","@graph":[{"@type":"WebPage","@id":"https:\/\/www.mitraxcapital.com\/contactanos\/","url":"https:\/\/www.mitraxcapital.com\/contactanos\/","name":"Comun\u00edcate con nosotros - Mitrax","isPartOf":{"@id":"https:\/\/www.mitraxcapital.com\/#website"},"primaryImageOfPage":{"@id":"https:\/\/www.mitraxcapital.com\/contactanos\/#primaryimage"},"image":{"@id":"https:\/\/www.mitraxcapital.com\/contactanos\/#primaryimage"},"thumbnailUrl":"https:\/\/www.mitraxcapital.com\/wp-content\/uploads\/2025\/05\/Vector-276-1.svg","datePublished":"2025-05-27T13:35:46+00:00","dateModified":"2026-04-07T18:28:29+00:00","description":"\u00bfTienes preguntas sobre Mitrax? \u00bfNo sabes en d\u00f3nde invertir o utilizar los recursos de la compa\u00f1\u00eda? Cont\u00e1ctanos y te ayudaremos en el proceso.","breadcrumb":{"@id":"https:\/\/www.mitraxcapital.com\/contactanos\/#breadcrumb"},"inLanguage":"en-US","potentialAction":[{"@type":"ReadAction","target":["https:\/\/www.mitraxcapital.com\/contactanos\/"]}]},{"@type":"ImageObject","inLanguage":"en-US","@id":"https:\/\/www.mitraxcapital.com\/contactanos\/#primaryimage","url":"https:\/\/www.mitraxcapital.com\/wp-content\/uploads\/2025\/05\/Vector-276-1.svg","contentUrl":"https:\/\/www.mitraxcapital.com\/wp-content\/uploads\/2025\/05\/Vector-276-1.svg"},{"@type":"BreadcrumbList","@id":"https:\/\/www.mitraxcapital.com\/contactanos\/#breadcrumb","itemListElement":[{"@type":"ListItem","position":1,"name":"Inicio","item":"https:\/\/www.mitraxcapital.com\/"},{"@type":"ListItem","position":2,"name":"Contactanos"}]},{"@type":"WebSite","@id":"https:\/\/www.mitraxcapital.com\/#website","url":"https:\/\/www.mitraxcapital.com\/","name":"Mitrax","description":"We facilitate access to financing for organizations that generate social impact, through the structuring of investment vehicles and strategic capital management, we connect vision, resources and transformation.","publisher":{"@id":"https:\/\/www.mitraxcapital.com\/#organization"},"potentialAction":[{"@type":"SearchAction","target":{"@type":"EntryPoint","urlTemplate":"https:\/\/www.mitraxcapital.com\/?s={search_term_string}"},"query-input":{"@type":"PropertyValueSpecification","valueRequired":true,"valueName":"search_term_string"}}],"inLanguage":"en-US"},{"@type":"Organization","@id":"https:\/\/www.mitraxcapital.com\/#organization","name":"Mitrax","url":"https:\/\/www.mitraxcapital.com\/","logo":{"@type":"ImageObject","inLanguage":"en-US","@id":"https:\/\/www.mitraxcapital.com\/#\/schema\/logo\/image\/","url":"https:\/\/www.mitraxcapital.com\/wp-content\/uploads\/2025\/05\/Group-485419.png","contentUrl":"https:\/\/www.mitraxcapital.com\/wp-content\/uploads\/2025\/05\/Group-485419.png","width":559,"height":110,"caption":"Mitrax"},"image":{"@id":"https:\/\/www.mitraxcapital.com\/#\/schema\/logo\/image\/"}}]}},"_links":{"self":[{"href":"https:\/\/www.mitraxcapital.com\/en\/wp-json\/wp\/v2\/pages\/22","targetHints":{"allow":["GET"]}}],"collection":[{"href":"https:\/\/www.mitraxcapital.com\/en\/wp-json\/wp\/v2\/pages"}],"about":[{"href":"https:\/\/www.mitraxcapital.com\/en\/wp-json\/wp\/v2\/types\/page"}],"author":[{"embeddable":true,"href":"https:\/\/www.mitraxcapital.com\/en\/wp-json\/wp\/v2\/users\/1"}],"replies":[{"embeddable":true,"href":"https:\/\/www.mitraxcapital.com\/en\/wp-json\/wp\/v2\/comments?post=22"}],"version-history":[{"count":43,"href":"https:\/\/www.mitraxcapital.com\/en\/wp-json\/wp\/v2\/pages\/22\/revisions"}],"predecessor-version":[{"id":1969,"href":"https:\/\/www.mitraxcapital.com\/en\/wp-json\/wp\/v2\/pages\/22\/revisions\/1969"}],"wp:attachment":[{"href":"https:\/\/www.mitraxcapital.com\/en\/wp-json\/wp\/v2\/media?parent=22"}],"curies":[{"name":"wp","href":"https:\/\/api.w.org\/{rel}","templated":true}]}}